{"id":1608,"date":"2023-08-14T23:51:25","date_gmt":"2023-08-14T21:51:25","guid":{"rendered":"https:\/\/keevisual.de\/store\/produkt\/saarland-asozial-variante-a\/"},"modified":"2024-07-08T14:35:36","modified_gmt":"2024-07-08T12:35:36","slug":"saarland-asozial-variante-a","status":"publish","type":"product","link":"https:\/\/keevisual.de\/store\/produkt\/saarland-asozial-variante-a\/","title":{"rendered":"Saarland Asozial &#8211; Variante A"},"content":{"rendered":"<p>&#8222;Das Saarland Asozial T-Shirt ist das perfekte Outfit f\u00fcr alle Saarl\u00e4nder, die stolz auf ihre Heimat sind und immer f\u00fcr eine Party zu haben sind. Das T-Shirt ist aus hochwertiger Baumwolle und ist in verschiedenen Farben erh\u00e4ltlich. Der Spruch &#8222;Saarland Asozial&#8220; ist auf der Brust in gro\u00dfen Buchstaben gedruckt. Das T-Shirt ist ein echter Hingucker und wird dir garantiert viele Komplimente einbringen. Bestelle jetzt dein Saarland Asozial T-Shirt und zeig der Welt, woher du kommst!&#8220;<br \/>\n&#8212;&#8212;&#8212;-<br \/>\nAus 100 % organischer, ringgesponnener Baumwolle: dieses Unisex T-Shirt ist ein absolutes Must-Have. Es ist qualitativ hochwertig, super bequem und das Beste von allem: umweltfreundlich.<\/p>\n<p>\u2022 100 % organische, ringgesponnene Baumwolle<br \/>\n\u2022 Stoffgewicht: 180 g\/m\u00b2<br \/>\n\u2022 Single Jersey<br \/>\n\u2022 Medium-Fit<br \/>\n\u2022 Eingesetzte \u00c4rmel<br \/>\n\u2022 1\u00d71 Ripp am Kragen<br \/>\n\u2022 Breite Doppelnaht an den \u00c4rmeln und dem Bundsaum<br \/>\n\u2022 Abgesetzter Kragenansatz (innen, im Nacken)<br \/>\n\u2022 Rohprodukt bezogen aus China oder Bangladesch<\/p>\n<p>Die Gr\u00f6\u00dfen fallen f\u00fcr den US-Markt kleiner aus, daher sollten Kunden aus den USA eine Nummer gr\u00f6\u00dfer bestellen.<\/p>\n","protected":false},"excerpt":{"rendered":"<p>&#8222;Das Saarland Asozial T-Shirt ist das perfekte Outfit f\u00fcr alle Saarl\u00e4nder, die stolz auf ihre Heimat sind und immer f\u00fcr eine Party zu haben sind. Das T-Shirt ist aus hochwertiger Baumwolle und ist in verschiedenen Farben erh\u00e4ltlich. Der Spruch &#8222;Saarland Asozial&#8220; ist auf der Brust in gro\u00dfen Buchstaben gedruckt. Das T-Shirt ist ein echter Hingucker [&hellip;]<\/p>\n","protected":false},"featured_media":1619,"comment_status":"open","ping_status":"closed","template":"","meta":[],"product_brand":[],"product_cat":[16],"product_tag":[],"class_list":{"0":"post-1608","1":"product","2":"type-product","3":"status-publish","4":"has-post-thumbnail","6":"product_cat-keevisual-clothes","8":"first","9":"instock","10":"shipping-taxable","11":"purchasable","12":"product-type-variable"},"jetpack_sharing_enabled":true,"_links":{"self":[{"href":"https:\/\/keevisual.de\/store\/wp-json\/wp\/v2\/product\/1608","targetHints":{"allow":["GET"]}}],"collection":[{"href":"https:\/\/keevisual.de\/store\/wp-json\/wp\/v2\/product"}],"about":[{"href":"https:\/\/keevisual.de\/store\/wp-json\/wp\/v2\/types\/product"}],"replies":[{"embeddable":true,"href":"https:\/\/keevisual.de\/store\/wp-json\/wp\/v2\/comments?post=1608"}],"wp:featuredmedia":[{"embeddable":true,"href":"https:\/\/keevisual.de\/store\/wp-json\/wp\/v2\/media\/1619"}],"wp:attachment":[{"href":"https:\/\/keevisual.de\/store\/wp-json\/wp\/v2\/media?parent=1608"}],"wp:term":[{"taxonomy":"product_brand","embeddable":true,"href":"https:\/\/keevisual.de\/store\/wp-json\/wp\/v2\/product_brand?post=1608"},{"taxonomy":"product_cat","embeddable":true,"href":"https:\/\/keevisual.de\/store\/wp-json\/wp\/v2\/product_cat?post=1608"},{"taxonomy":"product_tag","embeddable":true,"href":"https:\/\/keevisual.de\/store\/wp-json\/wp\/v2\/product_tag?post=1608"}],"curies":[{"name":"wp","href":"https:\/\/api.w.org\/{rel}","templated":true}]}}