{"id":1634,"date":"2023-08-15T00:02:51","date_gmt":"2023-08-14T22:02:51","guid":{"rendered":"https:\/\/keevisual.de\/store\/produkt\/slas-snapback-cap\/"},"modified":"2024-11-10T15:15:51","modified_gmt":"2024-11-10T14:15:51","slug":"slas-snapback-cap","status":"publish","type":"product","link":"https:\/\/keevisual.de\/store\/produkt\/slas-snapback-cap\/","title":{"rendered":"SL:AS Snapback Cap"},"content":{"rendered":"<p>Die Saarland Asozial Baseball M\u00fctze ist das perfekte Accessoire f\u00fcr alle Saarl\u00e4nder und Saarl\u00e4nderinnen, die Party machen und Spa\u00df haben wollen. Die M\u00fctze ist aus hochwertigem Material und verf\u00fcgt \u00fcber einen verstellbaren Verschluss, so dass sie perfekt sitzt. Die M\u00fctze ist mit dem Aufdruck &#8222;Saarland Asozial&#8220; versehen, der ein echter Hingucker ist. Die M\u00fctze ist das perfekte Geschenk f\u00fcr alle Saarl\u00e4nder und Saarl\u00e4nderinnen, die stolz auf ihre Heimat sind.<br \/>\n&#8212;&#8212;&#8212;-<br \/>\nDiese Cap ist mit klassischer Passform, flachem Schirm und vollem Steifleinen ausgestattet. Der verstellbare Druckknopfverschluss macht sie zu einer bequemen, universellen Cap.<\/p>\n<p>\u2022 80 % Acryl, 20 % Wolle<br \/>\n\u2022 Green Camo ist 60 % Baumwolle, 40 % Polyester<br \/>\n\u2022 Strukturiert, 6-Panel, High-Profile<br \/>\n\u2022 6 bestickte \u00d6sen<br \/>\n\u2022 Kunststoff-Schnappverschluss<br \/>\n\u2022 Schirm unterseitig gr\u00fcn<br \/>\n\u2022 Kopfumfang: 54,9 cm &#8211; 60 cm<br \/>\n\u2022 Rohprodukt bezogen aus Vietnam oder Bangladesh<\/p>\n","protected":false},"excerpt":{"rendered":"<p>Die Saarland Asozial Baseball M\u00fctze ist das perfekte Accessoire f\u00fcr alle Saarl\u00e4nder und Saarl\u00e4nderinnen, die Party machen und Spa\u00df haben wollen. Die M\u00fctze ist aus hochwertigem Material und verf\u00fcgt \u00fcber einen verstellbaren Verschluss, so dass sie perfekt sitzt. Die M\u00fctze ist mit dem Aufdruck &#8222;Saarland Asozial&#8220; versehen, der ein echter Hingucker ist. Die M\u00fctze ist [&hellip;]<\/p>\n","protected":false},"featured_media":1643,"comment_status":"open","ping_status":"closed","template":"","meta":[],"product_brand":[],"product_cat":[15],"product_tag":[],"class_list":{"0":"post-1634","1":"product","2":"type-product","3":"status-publish","4":"has-post-thumbnail","6":"product_cat-accessoires","8":"first","9":"instock","10":"shipping-taxable","11":"purchasable","12":"product-type-variable"},"jetpack_sharing_enabled":true,"_links":{"self":[{"href":"https:\/\/keevisual.de\/store\/wp-json\/wp\/v2\/product\/1634","targetHints":{"allow":["GET"]}}],"collection":[{"href":"https:\/\/keevisual.de\/store\/wp-json\/wp\/v2\/product"}],"about":[{"href":"https:\/\/keevisual.de\/store\/wp-json\/wp\/v2\/types\/product"}],"replies":[{"embeddable":true,"href":"https:\/\/keevisual.de\/store\/wp-json\/wp\/v2\/comments?post=1634"}],"wp:featuredmedia":[{"embeddable":true,"href":"https:\/\/keevisual.de\/store\/wp-json\/wp\/v2\/media\/1643"}],"wp:attachment":[{"href":"https:\/\/keevisual.de\/store\/wp-json\/wp\/v2\/media?parent=1634"}],"wp:term":[{"taxonomy":"product_brand","embeddable":true,"href":"https:\/\/keevisual.de\/store\/wp-json\/wp\/v2\/product_brand?post=1634"},{"taxonomy":"product_cat","embeddable":true,"href":"https:\/\/keevisual.de\/store\/wp-json\/wp\/v2\/product_cat?post=1634"},{"taxonomy":"product_tag","embeddable":true,"href":"https:\/\/keevisual.de\/store\/wp-json\/wp\/v2\/product_tag?post=1634"}],"curies":[{"name":"wp","href":"https:\/\/api.w.org\/{rel}","templated":true}]}}