{"id":1732,"date":"2023-08-16T00:53:59","date_gmt":"2023-08-15T22:53:59","guid":{"rendered":"https:\/\/keevisual.de\/store\/produkt\/nur-gott-kann-mich-richten-50-x-70\/"},"modified":"2023-08-16T00:54:11","modified_gmt":"2023-08-15T22:54:11","slug":"nur-gott-kann-mich-richten-50-x-70","status":"publish","type":"product","link":"https:\/\/keevisual.de\/store\/produkt\/nur-gott-kann-mich-richten-50-x-70\/","title":{"rendered":"Nur Gott kann mich richten (50 x 70)"},"content":{"rendered":"<p>Poster in Museumsqualit\u00e4t mit lebhaften Drucken auf mattem Papier. Setze einen wunderbaren Akzent in deinem Zimmer und B\u00fcro mit diesen Plakaten, die sicher jede Umgebung erhellen werden.<\/p>\n<p>\u2022 Papierst\u00e4rke: 0,26 mm<br \/>\n\u2022 Papiergewicht: 189 g\/m\u00b2<br \/>\n\u2022 Lichtundurchl\u00e4ssigkeit: 94%<br \/>\n\u2022 ISO Helligkeit: 104 %<br \/>\n\u2022 21 cm \u00d730 cm Posters haben die Gr\u00f6\u00dfe A4<br \/>\n\u2022 Papier bezogen aus Japan<\/p>\n","protected":false},"excerpt":{"rendered":"<p>Poster in Museumsqualit\u00e4t mit lebhaften Drucken auf mattem Papier. Setze einen wunderbaren Akzent in deinem Zimmer und B\u00fcro mit diesen Plakaten, die sicher jede Umgebung erhellen werden. \u2022 Papierst\u00e4rke: 0,26 mm \u2022 Papiergewicht: 189 g\/m\u00b2 \u2022 Lichtundurchl\u00e4ssigkeit: 94% \u2022 ISO Helligkeit: 104 % \u2022 21 cm \u00d730 cm Posters haben die Gr\u00f6\u00dfe A4 \u2022 Papier [&hellip;]<\/p>\n","protected":false},"featured_media":1733,"comment_status":"open","ping_status":"closed","template":"","meta":[],"product_brand":[],"product_cat":[17],"product_tag":[],"class_list":{"0":"post-1732","1":"product","2":"type-product","3":"status-publish","4":"has-post-thumbnail","6":"product_cat-poster","8":"first","9":"instock","10":"shipping-taxable","11":"purchasable","12":"product-type-simple"},"jetpack_sharing_enabled":true,"_links":{"self":[{"href":"https:\/\/keevisual.de\/store\/wp-json\/wp\/v2\/product\/1732","targetHints":{"allow":["GET"]}}],"collection":[{"href":"https:\/\/keevisual.de\/store\/wp-json\/wp\/v2\/product"}],"about":[{"href":"https:\/\/keevisual.de\/store\/wp-json\/wp\/v2\/types\/product"}],"replies":[{"embeddable":true,"href":"https:\/\/keevisual.de\/store\/wp-json\/wp\/v2\/comments?post=1732"}],"wp:featuredmedia":[{"embeddable":true,"href":"https:\/\/keevisual.de\/store\/wp-json\/wp\/v2\/media\/1733"}],"wp:attachment":[{"href":"https:\/\/keevisual.de\/store\/wp-json\/wp\/v2\/media?parent=1732"}],"wp:term":[{"taxonomy":"product_brand","embeddable":true,"href":"https:\/\/keevisual.de\/store\/wp-json\/wp\/v2\/product_brand?post=1732"},{"taxonomy":"product_cat","embeddable":true,"href":"https:\/\/keevisual.de\/store\/wp-json\/wp\/v2\/product_cat?post=1732"},{"taxonomy":"product_tag","embeddable":true,"href":"https:\/\/keevisual.de\/store\/wp-json\/wp\/v2\/product_tag?post=1732"}],"curies":[{"name":"wp","href":"https:\/\/api.w.org\/{rel}","templated":true}]}}